{"id":18,"date":"2026-01-03T22:15:54","date_gmt":"2026-01-03T21:15:54","guid":{"rendered":"http:\/\/serwer280495.lh.pl\/autoinstalator\/serwer280495.lh.pl\/wordpress146218\/?page_id=18"},"modified":"2026-01-04T22:38:35","modified_gmt":"2026-01-04T21:38:35","slug":"kontakt","status":"publish","type":"page","link":"https:\/\/dosarenovasjon.no\/index.php\/kontakt\/","title":{"rendered":"Kontakt"},"content":{"rendered":"\t\t<div data-elementor-type=\"wp-page\" data-elementor-id=\"18\" class=\"elementor elementor-18\">\n\t\t\t\t<div class=\"elementor-element elementor-element-643100e e-flex e-con-boxed e-con e-parent\" data-id=\"643100e\" data-element_type=\"container\">\n\t\t\t\t\t<div class=\"e-con-inner\">\n\t\t\t\t<div class=\"elementor-element elementor-element-83d6993 elementor-widget elementor-widget-html\" data-id=\"83d6993\" data-element_type=\"widget\" data-widget_type=\"html.default\">\n\t\t\t\t\t<section class=\"dosa-contact\" aria-label=\"Kontakt - DOSA Renovasjon AS\">\n\n  <!-- HERO (photo, ONLY WHITE TEXT) -->\n  <header class=\"dosa-contact-hero\" aria-label=\"Kontakt\">\n    <div class=\"dosa-contact-hero__bg\" aria-hidden=\"true\"><\/div>\n    <div class=\"dosa-contact-hero__overlay\" aria-hidden=\"true\"><\/div>\n\n    <div class=\"dosa-contact-hero__wrap\">\n      <p class=\"dosa-contact-hero__eyebrow\">Kontakt<\/p>\n      <h1 class=\"dosa-contact-hero__title\">Kontakt oss<\/h1>\n      <p class=\"dosa-contact-hero__lead\">\n        Fortell oss kort om prosjektet ditt \u2013 vi svarer s\u00e5 snart som mulig.\n      <\/p>\n\n      <div class=\"dosa-contact-hero__quick\">\n        <a class=\"dosa-btn dosa-btn--ghost\" href=\"tel:+4796702190\">Ring: +47 967 02 190<\/a>\n        <a class=\"dosa-btn dosa-btn--ghost\" href=\"mailto:office@dosarenovasjonas.com\">E-post: office@dosarenovasjonas.com<\/a>\n      <\/div>\n    <\/div>\n  <\/header>\n\n  <!-- CONTENT -->\n  <section class=\"dosa-contact-body\" aria-label=\"Kontaktinformasjon og skjema\">\n    <div class=\"dosa-wrap\">\n\n      <div class=\"dosa-contact-grid\">\n\n        <!-- LEFT: INFO CARD -->\n        <aside class=\"dosa-infoCard\" aria-label=\"Kontaktinformasjon\">\n          <p class=\"dosa-eyebrow\">Kontaktinformasjon<\/p>\n          <h2 class=\"dosa-h2\">DOSA Renovasjon AS<\/h2>\n\n          <div class=\"dosa-infoRows\">\n            <div class=\"dosa-infoRow\">\n              <div class=\"dosa-infoK\">Telefon<\/div>\n              <div class=\"dosa-infoV\"><a href=\"tel:+4796702190\">+47 967 02 190<\/a><\/div>\n            <\/div>\n\n            <div class=\"dosa-infoRow\">\n              <div class=\"dosa-infoK\">E-post<\/div>\n              <div class=\"dosa-infoV\"><a href=\"mailto:office@dosarenovasjonas.com\">office@dosarenovasjonas.com<\/a><\/div>\n            <\/div>\n\n            <div class=\"dosa-infoRow\">\n              <div class=\"dosa-infoK\">Adresse<\/div>\n              <div class=\"dosa-infoV\">Halvparveien 5, 3947 Langangen<\/div>\n            <\/div>\n\n            <div class=\"dosa-infoRow\">\n              <div class=\"dosa-infoK\">Org.nr<\/div>\n              <div class=\"dosa-infoV\">836 257 162 MVA<\/div>\n            <\/div>\n          <\/div>\n\n          <div class=\"dosa-infoActions\">\n            <a class=\"dosa-btn\" href=\"tel:+4796702190\">Ring n\u00e5<\/a>\n            <a class=\"dosa-btn dosa-btn--dark\"\n               href=\"https:\/\/dosarenovasjon.no\/index.php\/tjenester\/\">\n              Se tjenester\n            <\/a>\n          <\/div>\n\n          <div class=\"dosa-note\">\n            Vi kan ta p\u00e5 oss b\u00e5de sm\u00e5 og store oppdrag. Send gjerne noen bilder og en kort beskrivelse hvis du har det tilgjengelig.\n          <\/div>\n        <\/aside>\n\n        <!-- RIGHT: FORM CARD -->\n        <div class=\"dosa-formCard\" aria-label=\"Kontaktskjema\">\n          <p class=\"dosa-eyebrow\">Send foresp\u00f8rsel<\/p>\n          <h2 class=\"dosa-h2\">Fortell oss om prosjektet ditt<\/h2>\n          <p class=\"dosa-lead\">\n            Fyll inn skjemaet, s\u00e5 tar vi kontakt. (Obligatoriske felt m\u00e5 fylles ut.)\n          <\/p>\n\n          <!-- CF7 SHORTCODE (if Elementor HTML won't render it, put it in Shortcode widget here) -->\n          <div class=\"dosa-cf7\">\n            \n<div class=\"wpcf7 no-js\" id=\"wpcf7-f101-o1\" lang=\"pl-PL\" dir=\"ltr\" data-wpcf7-id=\"101\">\n<div class=\"screen-reader-response\"><p role=\"status\" aria-live=\"polite\" aria-atomic=\"true\"><\/p> <ul><\/ul><\/div>\n<form action=\"\/index.php\/wp-json\/wp\/v2\/pages\/18#wpcf7-f101-o1\" method=\"post\" class=\"wpcf7-form init\" aria-label=\"Formularz kontaktowy\" novalidate=\"novalidate\" data-status=\"init\">\n<fieldset class=\"hidden-fields-container\"><input type=\"hidden\" name=\"_wpcf7\" value=\"101\" \/><input type=\"hidden\" name=\"_wpcf7_version\" value=\"6.1.4\" \/><input type=\"hidden\" name=\"_wpcf7_locale\" value=\"pl_PL\" \/><input type=\"hidden\" name=\"_wpcf7_unit_tag\" value=\"wpcf7-f101-o1\" \/><input type=\"hidden\" name=\"_wpcf7_container_post\" value=\"0\" \/><input type=\"hidden\" name=\"_wpcf7_posted_data_hash\" value=\"\" \/>\n<\/fieldset>\n<p><label> Ditt navn og etternavn<br \/>\n<span class=\"wpcf7-form-control-wrap\" data-name=\"your-name\"><input size=\"40\" maxlength=\"400\" class=\"wpcf7-form-control wpcf7-text wpcf7-validates-as-required\" autocomplete=\"name\" aria-required=\"true\" aria-invalid=\"false\" value=\"\" type=\"text\" name=\"your-name\" \/><\/span> <\/label>\n<\/p>\n<p><label> Din e-postadresse<br \/>\n<span class=\"wpcf7-form-control-wrap\" data-name=\"your-email\"><input size=\"40\" maxlength=\"400\" class=\"wpcf7-form-control wpcf7-email wpcf7-validates-as-required wpcf7-text wpcf7-validates-as-email\" autocomplete=\"email\" aria-required=\"true\" aria-invalid=\"false\" value=\"\" type=\"email\" name=\"your-email\" \/><\/span> <\/label>\n<\/p>\n<p><label> Emne<br \/>\n<span class=\"wpcf7-form-control-wrap\" data-name=\"your-subject\"><input size=\"40\" maxlength=\"400\" class=\"wpcf7-form-control wpcf7-text wpcf7-validates-as-required\" aria-required=\"true\" aria-invalid=\"false\" value=\"\" type=\"text\" name=\"your-subject\" \/><\/span> <\/label>\n<\/p>\n<p><label> Din melding (valgfritt)<br \/>\n<span class=\"wpcf7-form-control-wrap\" data-name=\"your-message\"><textarea cols=\"40\" rows=\"10\" maxlength=\"2000\" class=\"wpcf7-form-control wpcf7-textarea\" aria-invalid=\"false\" name=\"your-message\"><\/textarea><\/span> <\/label>\n<\/p>\n<p><input class=\"wpcf7-form-control wpcf7-submit has-spinner\" type=\"submit\" value=\"Send\" \/>\n<\/p><div class=\"wpcf7-response-output\" aria-hidden=\"true\"><\/div>\n<\/form>\n<\/div>\n\n          <\/div>\n\n          <p class=\"dosa-formSmall\">\n            Ved \u00e5 sende inn skjemaet godtar du v\u00e5r\n            <a href=\"https:\/\/dosarenovasjon.no\/index.php\/personvernerklaering\/\">\n              personvernerkl\u00e6ring\n            <\/a>.\n          <\/p>\n        <\/div>\n\n      <\/div>\n\n    <\/div>\n  <\/section>\n\n<\/section>\n\n<style>\n  \/* ===== SAFE ===== *\/\n  .dosa-contact{ width:100%; overflow-x:hidden; }\n  .dosa-contact *, .dosa-contact *::before, .dosa-contact *::after{ box-sizing:border-box; }\n  .dosa-wrap{ width:min(1200px, 100%); margin:0 auto; padding:0 20px; }\n\n  \/* ===== Typography (NO grey) ===== *\/\n  .dosa-eyebrow{\n    text-transform: uppercase;\n    letter-spacing: .14em;\n    font-weight: 900;\n    font-size: 12px;\n    margin:0 0 10px 0;\n    color:#111827;\n  }\n  .dosa-h2{\n    font-size: clamp(26px, 3vw, 38px);\n    line-height: 1.15;\n    font-weight: 900;\n    margin:0 0 12px 0;\n    color:#111827;\n  }\n  .dosa-lead{\n    font-size: 16px;\n    line-height: 1.65;\n    font-weight: 700;\n    margin:0 0 16px 0;\n    color:#111827;\n  }\n\n  \/* ===== Buttons ===== *\/\n  .dosa-btn{\n    display:inline-flex;\n    align-items:center;\n    justify-content:center;\n    padding: 14px 18px;\n    border-radius: 14px;\n    background:#F97316;\n    color:#111827;\n    text-decoration:none;\n    font-weight: 900;\n    transition: transform .15s ease, opacity .15s ease;\n    border: 1px solid transparent;\n    gap: 8px;\n  }\n  .dosa-btn:hover{ transform: translateY(-1px); opacity:.95; }\n  .dosa-btn--ghost{\n    background: rgba(255,255,255,.10);\n    color:#ffffff;\n    border: 1px solid rgba(255,255,255,.22);\n    backdrop-filter: blur(6px);\n  }\n  .dosa-btn--dark{\n    background: #111827;\n    color: #ffffff;\n    border: 1px solid rgba(17,24,39,.65);\n  }\n\n  \/* ===== HERO (white only) ===== *\/\n  .dosa-contact-hero{\n    position:relative;\n    width:100%;\n    min-height: 56vh;\n    display:flex;\n    align-items:center;\n    overflow:hidden;\n    border-radius: 22px;\n  }\n  .dosa-contact-hero__bg{\n    position:absolute; inset:0;\n    background:url(\"https:\/\/dosarenovasjon.no\/wp-content\/uploads\/2026\/01\/nowoczesna-stodola-1_3-domu-w-Norwegii-Rever-Drage-8.jpg\")\n      center\/cover no-repeat;\n    transform: scale(1.02);\n  }\n  .dosa-contact-hero__overlay{\n    position:absolute; inset:0;\n    background:\n      linear-gradient(90deg, rgba(11,15,22,.88) 0%, rgba(11,15,22,.70) 55%, rgba(11,15,22,.62) 100%),\n      radial-gradient(900px 520px at 20% 55%, rgba(0,0,0,.45), rgba(0,0,0,0));\n  }\n  .dosa-contact-hero__wrap{\n    width:min(1200px, 100%);\n    margin:0 auto;\n    padding: 78px 20px 64px;\n    position:relative;\n    z-index:1;\n  }\n  .dosa-contact-hero, .dosa-contact-hero *{ color:#ffffff !important; }\n\n  .dosa-contact-hero__eyebrow{\n    text-transform: uppercase;\n    letter-spacing: .16em;\n    font-weight: 900;\n    font-size: 12px;\n    margin:0 0 12px 0;\n    text-shadow: 0 2px 14px rgba(0,0,0,.55);\n  }\n  .dosa-contact-hero__title{\n    margin:0 0 12px 0;\n    font-size: clamp(34px, 5vw, 58px);\n    line-height: 1.05;\n    font-weight: 900;\n    text-shadow: 0 2px 18px rgba(0,0,0,.70);\n  }\n  .dosa-contact-hero__lead{\n    margin:0 0 18px 0;\n    max-width: 72ch;\n    font-size: 17px;\n    line-height: 1.7;\n    font-weight: 700;\n    text-shadow: 0 2px 14px rgba(0,0,0,.55);\n  }\n  .dosa-contact-hero__quick{\n    display:flex;\n    gap: 12px;\n    flex-wrap: wrap;\n  }\n\n  \/* ===== BODY GRID ===== *\/\n  .dosa-contact-body{ padding: 54px 0 86px; background:#ffffff; }\n  .dosa-contact-grid{\n    display:grid;\n    grid-template-columns: .85fr 1.15fr;\n    gap: 16px;\n    align-items: start;\n    margin-top: 18px;\n  }\n\n  \/* Card base *\/\n  .dosa-infoCard, .dosa-formCard{\n    position:relative;\n    overflow:hidden;\n    border-radius: 22px;\n    background:#ffffff;\n    box-shadow: 0 18px 60px rgba(0,0,0,.10);\n    padding: 22px;\n  }\n  .dosa-infoCard::before, .dosa-formCard::before{\n    content:\"\";\n    position:absolute; inset:0; padding:1px; border-radius:22px;\n    background: linear-gradient(135deg, rgba(249,115,22,.95), rgba(17,24,39,1), rgba(249,115,22,.65));\n    -webkit-mask: linear-gradient(#000 0 0) content-box, linear-gradient(#000 0 0);\n    -webkit-mask-composite: xor;\n            mask-composite: exclude;\n    pointer-events:none;\n    opacity:.85;\n  }\n\n  .dosa-infoCard > *, .dosa-formCard > *{ position:relative; z-index:1; }\n\n  \/* Info rows *\/\n  .dosa-infoRows{ display:grid; gap: 12px; margin-top: 10px; }\n  .dosa-infoRow{\n    border-radius: 16px;\n    padding: 12px 14px;\n    background: rgba(17,24,39,.04);\n    border: 1px solid rgba(17,24,39,.35);\n  }\n  .dosa-infoK{\n    font-weight: 900;\n    letter-spacing: .12em;\n    text-transform: uppercase;\n    font-size: 11px;\n    color:#111827;\n    margin-bottom: 4px;\n  }\n  .dosa-infoV{\n    font-weight: 900;\n    color:#111827;\n    line-height: 1.5;\n  }\n  .dosa-infoV a{\n    color:#111827;\n    text-decoration: underline;\n    text-decoration-color: rgba(249,115,22,.75);\n    text-underline-offset: 3px;\n    font-weight: 900;\n  }\n\n  .dosa-infoActions{\n    display:flex;\n    gap: 12px;\n    flex-wrap: wrap;\n    margin-top: 16px;\n  }\n  .dosa-infoActions .dosa-btn{ flex:1; }\n\n  .dosa-note{\n    margin-top: 14px;\n    border-radius: 18px;\n    padding: 14px;\n    background: #0b0f16;\n    color:#ffffff;\n    font-weight: 800;\n    line-height: 1.65;\n  }\n\n  \/* ===== CF7 PREMIUM STYLING ===== *\/\n  .dosa-cf7 .wpcf7{\n    margin-top: 14px;\n  }\n  .dosa-cf7 .wpcf7 form{\n    margin: 0;\n  }\n\n  \/* Layout fields *\/\n  .dosa-cf7 .wpcf7-form p{\n    margin: 0 0 12px 0 !important;\n  }\n\n  \/* Inputs *\/\n  .dosa-cf7 input[type=\"text\"],\n  .dosa-cf7 input[type=\"email\"],\n  .dosa-cf7 input[type=\"tel\"],\n  .dosa-cf7 textarea,\n  .dosa-cf7 select{\n    width: 100% !important;\n    border-radius: 14px !important;\n    padding: 14px 14px !important;\n    border: 1px solid rgba(17,24,39,.40) !important;\n    background: #ffffff !important;\n    color: #111827 !important;\n    font-weight: 800 !important;\n    box-shadow: 0 10px 25px rgba(0,0,0,.06) !important;\n    outline: none !important;\n  }\n\n  .dosa-cf7 textarea{\n    min-height: 140px !important;\n    resize: vertical !important;\n  }\n\n  .dosa-cf7 input::placeholder,\n  .dosa-cf7 textarea::placeholder{\n    color: #111827 !important;\n    opacity: .65 !important;\n    font-weight: 800 !important;\n  }\n\n  \/* Focus ring *\/\n  .dosa-cf7 input:focus,\n  .dosa-cf7 textarea:focus,\n  .dosa-cf7 select:focus{\n    border-color: #F97316 !important;\n    box-shadow: 0 0 0 4px rgba(249,115,22,.18) !important;\n  }\n\n  \/* Submit button *\/\n  .dosa-cf7 input[type=\"submit\"]{\n    width: 100% !important;\n    border: none !important;\n    border-radius: 14px !important;\n    padding: 14px 18px !important;\n    background: #F97316 !important;\n    color: #111827 !important;\n    font-weight: 900 !important;\n    cursor: pointer !important;\n    transition: transform .15s ease, opacity .15s ease !important;\n  }\n  .dosa-cf7 input[type=\"submit\"]:hover{\n    transform: translateY(-1px) !important;\n    opacity: .95 !important;\n  }\n\n  \/* CF7 response messages *\/\n  .dosa-cf7 .wpcf7-response-output{\n    margin: 12px 0 0 !important;\n    border-radius: 14px;\n    font-weight: 900;\n    color: #111827;\n  }\n\n  .dosa-cf7 .wpcf7-not-valid-tip{\n    font-weight: 900;\n    color: #111827;\n    margin-top: 6px;\n  }\n\n  .dosa-cf7 .wpcf7-spinner{\n    margin-left: 8px;\n  }\n\n  \/* Small legal line *\/\n  .dosa-formSmall{\n    margin: 14px 0 0;\n    font-weight: 800;\n    line-height: 1.65;\n    color:#111827;\n  }\n  .dosa-formSmall a{\n    color:#111827;\n    text-decoration: underline;\n    text-decoration-color: rgba(249,115,22,.75);\n    text-underline-offset: 3px;\n    font-weight: 900;\n  }\n  .dosa-formSmall a:hover{ text-decoration-color:#F97316; }\n\n  \/* ===== RESPONSIVE ===== *\/\n  @media (max-width: 1024px){\n    .dosa-contact-hero{ border-radius: 18px; }\n    .dosa-contact-hero__wrap{ padding: 70px 20px 56px; }\n    .dosa-contact-grid{ grid-template-columns: 1fr; }\n  }\n\n  @media (max-width: 520px){\n    .dosa-wrap{ padding:0 16px; }\n    .dosa-contact-hero{ min-height: 52vh; border-radius: 16px; }\n    .dosa-contact-hero__wrap{ padding: 60px 16px 52px; }\n    .dosa-contact-hero__lead{ font-size: 15px; }\n    .dosa-contact-hero__quick .dosa-btn{ width: 100%; }\n    .dosa-infoActions .dosa-btn{ width: 100%; flex: unset; }\n  }\n\n  @media (prefers-reduced-motion: reduce){\n    .dosa-btn, .dosa-cf7 input[type=\"submit\"]{ transition:none !important; }\n  }\n<\/style>\n\t\t\t\t<\/div>\n\t\t\t\t\t<\/div>\n\t\t\t\t<\/div>\n\t\t\t\t<\/div>\n\t\t","protected":false},"excerpt":{"rendered":"<p>Kontakt Kontakt oss Fortell oss kort om prosjektet ditt \u2013 vi svarer s\u00e5 snart som mulig. Ring: +47 967 02 [&hellip;]<\/p>\n","protected":false},"author":1,"featured_media":0,"parent":0,"menu_order":0,"comment_status":"closed","ping_status":"closed","template":"","meta":{"site-sidebar-layout":"no-sidebar","site-content-layout":"","ast-site-content-layout":"full-width-container","site-content-style":"default","site-sidebar-style":"default","ast-global-header-display":"","ast-banner-title-visibility":"","ast-main-header-display":"","ast-hfb-above-header-display":"","ast-hfb-below-header-display":"","ast-hfb-mobile-header-display":"","site-post-title":"disabled","ast-breadcrumbs-content":"","ast-featured-img":"disabled","footer-sml-layout":"","ast-disable-related-posts":"","theme-transparent-header-meta":"","adv-header-id-meta":"","stick-header-meta":"","header-above-stick-meta":"","header-main-stick-meta":"","header-below-stick-meta":"","astra-migrate-meta-layouts":"default","ast-page-background-enabled":"default","ast-page-background-meta":{"desktop":{"background-color":"var(--ast-global-color-5)","background-image":"","background-repeat":"repeat","background-position":"center center","background-size":"auto","background-attachment":"scroll","background-type":"","background-media":"","overlay-type":"","overlay-color":"","overlay-opacity":"","overlay-gradient":""},"tablet":{"background-color":"","background-image":"","background-repeat":"repeat","background-position":"center center","background-size":"auto","background-attachment":"scroll","background-type":"","background-media":"","overlay-type":"","overlay-color":"","overlay-opacity":"","overlay-gradient":""},"mobile":{"background-color":"","background-image":"","background-repeat":"repeat","background-position":"center center","background-size":"auto","background-attachment":"scroll","background-type":"","background-media":"","overlay-type":"","overlay-color":"","overlay-opacity":"","overlay-gradient":""}},"ast-content-background-meta":{"desktop":{"background-color":"var(--ast-global-color-4)","background-image":"","background-repeat":"repeat","background-position":"center center","background-size":"auto","background-attachment":"scroll","background-type":"","background-media":"","overlay-type":"","overlay-color":"","overlay-opacity":"","overlay-gradient":""},"tablet":{"background-color":"var(--ast-global-color-4)","background-image":"","background-repeat":"repeat","background-position":"center center","background-size":"auto","background-attachment":"scroll","background-type":"","background-media":"","overlay-type":"","overlay-color":"","overlay-opacity":"","overlay-gradient":""},"mobile":{"background-color":"var(--ast-global-color-4)","background-image":"","background-repeat":"repeat","background-position":"center center","background-size":"auto","background-attachment":"scroll","background-type":"","background-media":"","overlay-type":"","overlay-color":"","overlay-opacity":"","overlay-gradient":""}},"footnotes":""},"class_list":["post-18","page","type-page","status-publish","hentry"],"yoast_head":"<!-- This site is optimized with the Yoast SEO plugin v26.7 - https:\/\/yoast.com\/wordpress\/plugins\/seo\/ -->\n<title>Kontakt - DOSA Renovasjon AS<\/title>\n<meta name=\"robots\" content=\"index, follow, max-snippet:-1, max-image-preview:large, max-video-preview:-1\" \/>\n<link rel=\"canonical\" href=\"https:\/\/dosarenovasjon.no\/index.php\/kontakt\/\" \/>\n<meta property=\"og:locale\" content=\"pl_PL\" \/>\n<meta property=\"og:type\" content=\"article\" \/>\n<meta property=\"og:title\" content=\"Kontakt - DOSA Renovasjon AS\" \/>\n<meta property=\"og:description\" content=\"Kontakt Kontakt oss Fortell oss kort om prosjektet ditt \u2013 vi svarer s\u00e5 snart som mulig. Ring: +47 967 02 [&hellip;]\" \/>\n<meta property=\"og:url\" content=\"https:\/\/dosarenovasjon.no\/index.php\/kontakt\/\" \/>\n<meta property=\"og:site_name\" content=\"DOSA Renovasjon AS\" \/>\n<meta property=\"article:modified_time\" content=\"2026-01-04T21:38:35+00:00\" \/>\n<meta name=\"twitter:card\" content=\"summary_large_image\" \/>\n<script type=\"application\/ld+json\" class=\"yoast-schema-graph\">{\"@context\":\"https:\/\/schema.org\",\"@graph\":[{\"@type\":\"WebPage\",\"@id\":\"https:\/\/dosarenovasjon.no\/index.php\/kontakt\/\",\"url\":\"https:\/\/dosarenovasjon.no\/index.php\/kontakt\/\",\"name\":\"Kontakt - DOSA Renovasjon AS\",\"isPartOf\":{\"@id\":\"https:\/\/dosarenovasjon.no\/#website\"},\"datePublished\":\"2026-01-03T21:15:54+00:00\",\"dateModified\":\"2026-01-04T21:38:35+00:00\",\"breadcrumb\":{\"@id\":\"https:\/\/dosarenovasjon.no\/index.php\/kontakt\/#breadcrumb\"},\"inLanguage\":\"pl-PL\",\"potentialAction\":[{\"@type\":\"ReadAction\",\"target\":[\"https:\/\/dosarenovasjon.no\/index.php\/kontakt\/\"]}]},{\"@type\":\"BreadcrumbList\",\"@id\":\"https:\/\/dosarenovasjon.no\/index.php\/kontakt\/#breadcrumb\",\"itemListElement\":[{\"@type\":\"ListItem\",\"position\":1,\"name\":\"Strona g\u0142\u00f3wna\",\"item\":\"https:\/\/dosarenovasjon.no\/\"},{\"@type\":\"ListItem\",\"position\":2,\"name\":\"Kontakt\"}]},{\"@type\":\"WebSite\",\"@id\":\"https:\/\/dosarenovasjon.no\/#website\",\"url\":\"https:\/\/dosarenovasjon.no\/\",\"name\":\"DOSA Renovasjon AS\",\"description\":\"\",\"publisher\":{\"@id\":\"https:\/\/dosarenovasjon.no\/#organization\"},\"potentialAction\":[{\"@type\":\"SearchAction\",\"target\":{\"@type\":\"EntryPoint\",\"urlTemplate\":\"https:\/\/dosarenovasjon.no\/?s={search_term_string}\"},\"query-input\":{\"@type\":\"PropertyValueSpecification\",\"valueRequired\":true,\"valueName\":\"search_term_string\"}}],\"inLanguage\":\"pl-PL\"},{\"@type\":\"Organization\",\"@id\":\"https:\/\/dosarenovasjon.no\/#organization\",\"name\":\"DOSA Renovasjon AS\",\"url\":\"https:\/\/dosarenovasjon.no\/\",\"logo\":{\"@type\":\"ImageObject\",\"inLanguage\":\"pl-PL\",\"@id\":\"https:\/\/dosarenovasjon.no\/#\/schema\/logo\/image\/\",\"url\":\"https:\/\/dosarenovasjon.no\/wp-content\/uploads\/2026\/01\/cropped-cropped-twitter.ai-white-removebg-preview.png\",\"contentUrl\":\"https:\/\/dosarenovasjon.no\/wp-content\/uploads\/2026\/01\/cropped-cropped-twitter.ai-white-removebg-preview.png\",\"width\":278,\"height\":288,\"caption\":\"DOSA Renovasjon AS\"},\"image\":{\"@id\":\"https:\/\/dosarenovasjon.no\/#\/schema\/logo\/image\/\"}}]}<\/script>\n<!-- \/ Yoast SEO plugin. -->","yoast_head_json":{"title":"Kontakt - DOSA Renovasjon AS","robots":{"index":"index","follow":"follow","max-snippet":"max-snippet:-1","max-image-preview":"max-image-preview:large","max-video-preview":"max-video-preview:-1"},"canonical":"https:\/\/dosarenovasjon.no\/index.php\/kontakt\/","og_locale":"pl_PL","og_type":"article","og_title":"Kontakt - DOSA Renovasjon AS","og_description":"Kontakt Kontakt oss Fortell oss kort om prosjektet ditt \u2013 vi svarer s\u00e5 snart som mulig. Ring: +47 967 02 [&hellip;]","og_url":"https:\/\/dosarenovasjon.no\/index.php\/kontakt\/","og_site_name":"DOSA Renovasjon AS","article_modified_time":"2026-01-04T21:38:35+00:00","twitter_card":"summary_large_image","schema":{"@context":"https:\/\/schema.org","@graph":[{"@type":"WebPage","@id":"https:\/\/dosarenovasjon.no\/index.php\/kontakt\/","url":"https:\/\/dosarenovasjon.no\/index.php\/kontakt\/","name":"Kontakt - DOSA Renovasjon AS","isPartOf":{"@id":"https:\/\/dosarenovasjon.no\/#website"},"datePublished":"2026-01-03T21:15:54+00:00","dateModified":"2026-01-04T21:38:35+00:00","breadcrumb":{"@id":"https:\/\/dosarenovasjon.no\/index.php\/kontakt\/#breadcrumb"},"inLanguage":"pl-PL","potentialAction":[{"@type":"ReadAction","target":["https:\/\/dosarenovasjon.no\/index.php\/kontakt\/"]}]},{"@type":"BreadcrumbList","@id":"https:\/\/dosarenovasjon.no\/index.php\/kontakt\/#breadcrumb","itemListElement":[{"@type":"ListItem","position":1,"name":"Strona g\u0142\u00f3wna","item":"https:\/\/dosarenovasjon.no\/"},{"@type":"ListItem","position":2,"name":"Kontakt"}]},{"@type":"WebSite","@id":"https:\/\/dosarenovasjon.no\/#website","url":"https:\/\/dosarenovasjon.no\/","name":"DOSA Renovasjon AS","description":"","publisher":{"@id":"https:\/\/dosarenovasjon.no\/#organization"},"potentialAction":[{"@type":"SearchAction","target":{"@type":"EntryPoint","urlTemplate":"https:\/\/dosarenovasjon.no\/?s={search_term_string}"},"query-input":{"@type":"PropertyValueSpecification","valueRequired":true,"valueName":"search_term_string"}}],"inLanguage":"pl-PL"},{"@type":"Organization","@id":"https:\/\/dosarenovasjon.no\/#organization","name":"DOSA Renovasjon AS","url":"https:\/\/dosarenovasjon.no\/","logo":{"@type":"ImageObject","inLanguage":"pl-PL","@id":"https:\/\/dosarenovasjon.no\/#\/schema\/logo\/image\/","url":"https:\/\/dosarenovasjon.no\/wp-content\/uploads\/2026\/01\/cropped-cropped-twitter.ai-white-removebg-preview.png","contentUrl":"https:\/\/dosarenovasjon.no\/wp-content\/uploads\/2026\/01\/cropped-cropped-twitter.ai-white-removebg-preview.png","width":278,"height":288,"caption":"DOSA Renovasjon AS"},"image":{"@id":"https:\/\/dosarenovasjon.no\/#\/schema\/logo\/image\/"}}]}},"_links":{"self":[{"href":"https:\/\/dosarenovasjon.no\/index.php\/wp-json\/wp\/v2\/pages\/18","targetHints":{"allow":["GET"]}}],"collection":[{"href":"https:\/\/dosarenovasjon.no\/index.php\/wp-json\/wp\/v2\/pages"}],"about":[{"href":"https:\/\/dosarenovasjon.no\/index.php\/wp-json\/wp\/v2\/types\/page"}],"author":[{"embeddable":true,"href":"https:\/\/dosarenovasjon.no\/index.php\/wp-json\/wp\/v2\/users\/1"}],"replies":[{"embeddable":true,"href":"https:\/\/dosarenovasjon.no\/index.php\/wp-json\/wp\/v2\/comments?post=18"}],"version-history":[{"count":5,"href":"https:\/\/dosarenovasjon.no\/index.php\/wp-json\/wp\/v2\/pages\/18\/revisions"}],"predecessor-version":[{"id":105,"href":"https:\/\/dosarenovasjon.no\/index.php\/wp-json\/wp\/v2\/pages\/18\/revisions\/105"}],"wp:attachment":[{"href":"https:\/\/dosarenovasjon.no\/index.php\/wp-json\/wp\/v2\/media?parent=18"}],"curies":[{"name":"wp","href":"https:\/\/api.w.org\/{rel}","templated":true}]}}